{"id":3555,"date":"2024-03-04T10:51:13","date_gmt":"2024-03-04T09:51:13","guid":{"rendered":"https:\/\/le-smart.fr\/?page_id=3555"},"modified":"2025-05-23T10:55:42","modified_gmt":"2025-05-23T08:55:42","slug":"lounge","status":"publish","type":"page","link":"https:\/\/le-smart.fr\/en\/lounge\/","title":{"rendered":"Lounge"},"content":{"rendered":"<div data-elementor-type=\"wp-page\" data-elementor-id=\"3555\" class=\"elementor elementor-3555\">\n\t\t\t\t\t\t<section class=\"elementor-section elementor-top-section elementor-element elementor-element-3aa632c elementor-section-boxed elementor-section-height-default elementor-section-height-default wpr-particle-no wpr-jarallax-no wpr-parallax-no wpr-sticky-section-no\" data-id=\"3aa632c\" data-element_type=\"section\" data-e-type=\"section\">\n\t\t\t\t\t\t<div class=\"elementor-container elementor-column-gap-default\">\n\t\t\t\t\t<div class=\"elementor-column elementor-col-100 elementor-top-column elementor-element elementor-element-4ed6716\" data-id=\"4ed6716\" data-element_type=\"column\" data-e-type=\"column\" data-settings=\"{&quot;background_background&quot;:&quot;classic&quot;}\">\n\t\t\t<div class=\"elementor-widget-wrap elementor-element-populated\">\n\t\t\t\t\t\t<div class=\"elementor-element elementor-element-1433472 elementor-widget elementor-widget-heading\" data-id=\"1433472\" data-element_type=\"widget\" data-e-type=\"widget\" data-widget_type=\"heading.default\">\n\t\t\t\t<div class=\"elementor-widget-container\">\n\t\t\t\t\t<h1 class=\"elementor-heading-title elementor-size-default\">Lounge<\/h1>\t\t\t\t<\/div>\n\t\t\t\t<\/div>\n\t\t\t\t<div class=\"elementor-element elementor-element-5c5e470 elementor-widget-divider--view-line elementor-widget elementor-widget-divider\" data-id=\"5c5e470\" data-element_type=\"widget\" data-e-type=\"widget\" data-widget_type=\"divider.default\">\n\t\t\t\t<div class=\"elementor-widget-container\">\n\t\t\t\t\t\t\t<div class=\"elementor-divider\">\n\t\t\t<span class=\"elementor-divider-separator\">\n\t\t\t\t\t\t<\/span>\n\t\t<\/div>\n\t\t\t\t\t\t<\/div>\n\t\t\t\t<\/div>\n\t\t\t\t<div class=\"elementor-element elementor-element-4a35089 elementor-widget__width-initial elementor-widget elementor-widget-text-editor\" data-id=\"4a35089\" data-element_type=\"widget\" data-e-type=\"widget\" data-widget_type=\"text-editor.default\">\n\t\t\t\t<div class=\"elementor-widget-container\">\n\t\t\t\t\t\t\t\t\t<div><strong>D\u00e9tente, convivialit\u00e9 et ambiance garantie !<\/strong><\/div><div>\u00a0<\/div><div>Envie de rel\u00e2cher la pression apr\u00e8s le travail, de <strong>partager un bon moment<\/strong> entre amis autour d\u2019un verre, ou de vibrer devant un match dans une ambiance conviviale ?<strong> Notre Bar Lounge est l&rsquo;endroit id\u00e9al<\/strong> pour d\u00e9connecter et profiter de l&rsquo;instant. Confortablement install\u00e9s dans nos fauteuils et canap\u00e9s, laissez-vous surprendre par nos cocktails cr\u00e9atifs.<\/div><div>\u00a0<\/div><div><div><p><strong>Une petite faim ?\u00a0<\/strong><br \/>D\u00e9couvrez nos d\u00e9licieuses planches ap\u00e9ritives,\u00a0parfaites pour accompagner vos boissons et prolonger la soir\u00e9e !<\/p><\/div><div><strong>Envie de pimenter la soir\u00e9e ?<\/strong><\/div><div>Pour les plus joueurs, testez votre \u00e2me de challenger autour d\u2019une partie de beer pong,<\/div><div>votre pr\u00e9cision au jeu de fl\u00e9chettes ou encore votre strat\u00e9gie au jeu Puissance 4 g\u00e9ant !<\/div><div>\u00a0<\/div><div><strong>Afterwork, soir\u00e9e anim\u00e9e ou moment cosy<\/strong>, toutes les occasions sont bonnes pour cr\u00e9er des souvenirs !<\/div><div>\u00a0<\/div><\/div>\t\t\t\t\t\t\t\t<\/div>\n\t\t\t\t<\/div>\n\t\t\t\t<div class=\"elementor-element elementor-element-cb38a68 elementor-widget__width-initial elementor-widget elementor-widget-image\" data-id=\"cb38a68\" data-element_type=\"widget\" data-e-type=\"widget\" data-widget_type=\"image.default\">\n\t\t\t\t<div class=\"elementor-widget-container\">\n\t\t\t\t\t\t\t\t\t\t\t\t\t\t\t<img fetchpriority=\"high\" decoding=\"async\" width=\"1920\" height=\"2560\" src=\"https:\/\/le-smart.fr\/wp-content\/uploads\/2025\/05\/DJI_20250508_004941_330-scaled.jpg\" class=\"attachment-full size-full wp-image-3918\" alt=\"\" srcset=\"https:\/\/le-smart.fr\/wp-content\/uploads\/2025\/05\/DJI_20250508_004941_330-scaled.jpg 1920w, https:\/\/le-smart.fr\/wp-content\/uploads\/2025\/05\/DJI_20250508_004941_330-225x300.jpg 225w, https:\/\/le-smart.fr\/wp-content\/uploads\/2025\/05\/DJI_20250508_004941_330-768x1024.jpg 768w, https:\/\/le-smart.fr\/wp-content\/uploads\/2025\/05\/DJI_20250508_004941_330-1152x1536.jpg 1152w, https:\/\/le-smart.fr\/wp-content\/uploads\/2025\/05\/DJI_20250508_004941_330-1536x2048.jpg 1536w, https:\/\/le-smart.fr\/wp-content\/uploads\/2025\/05\/DJI_20250508_004941_330-9x12.jpg 9w\" sizes=\"(max-width: 1920px) 100vw, 1920px\" \/>\t\t\t\t\t\t\t\t\t\t\t\t\t\t\t<\/div>\n\t\t\t\t<\/div>\n\t\t\t\t\t<\/div>\n\t\t<\/div>\n\t\t\t\t\t<\/div>\n\t\t<\/section>\n\t\t\t\t<section class=\"elementor-section elementor-top-section elementor-element elementor-element-2b494ec elementor-section-boxed elementor-section-height-default elementor-section-height-default wpr-particle-no wpr-jarallax-no wpr-parallax-no wpr-sticky-section-no\" data-id=\"2b494ec\" data-element_type=\"section\" data-e-type=\"section\" data-settings=\"{&quot;background_background&quot;:&quot;classic&quot;}\">\n\t\t\t\t\t\t<div class=\"elementor-container elementor-column-gap-default\">\n\t\t\t\t\t<div class=\"elementor-column elementor-col-100 elementor-top-column elementor-element elementor-element-5d47ada\" data-id=\"5d47ada\" data-element_type=\"column\" data-e-type=\"column\" data-settings=\"{&quot;background_background&quot;:&quot;classic&quot;}\">\n\t\t\t<div class=\"elementor-widget-wrap elementor-element-populated\">\n\t\t\t\t\t\t<div class=\"elementor-element elementor-element-9fdb23d elementor-widget elementor-widget-heading\" data-id=\"9fdb23d\" data-element_type=\"widget\" data-e-type=\"widget\" data-widget_type=\"heading.default\">\n\t\t\t\t<div class=\"elementor-widget-container\">\n\t\t\t\t\t<h2 class=\"elementor-heading-title elementor-size-default\">Ambiance garantie !<\/h2>\t\t\t\t<\/div>\n\t\t\t\t<\/div>\n\t\t\t\t<div class=\"elementor-element elementor-element-a0da64c elementor-widget-divider--view-line elementor-widget elementor-widget-divider\" data-id=\"a0da64c\" data-element_type=\"widget\" data-e-type=\"widget\" data-widget_type=\"divider.default\">\n\t\t\t\t<div class=\"elementor-widget-container\">\n\t\t\t\t\t\t\t<div class=\"elementor-divider\">\n\t\t\t<span class=\"elementor-divider-separator\">\n\t\t\t\t\t\t<\/span>\n\t\t<\/div>\n\t\t\t\t\t\t<\/div>\n\t\t\t\t<\/div>\n\t\t\t\t\t<\/div>\n\t\t<\/div>\n\t\t\t\t\t<\/div>\n\t\t<\/section>\n\t\t\t\t<section class=\"elementor-section elementor-top-section elementor-element elementor-element-f0a7cf9 elementor-section-full_width elementor-section-height-default elementor-section-height-default wpr-particle-no wpr-jarallax-no wpr-parallax-no wpr-sticky-section-no\" data-id=\"f0a7cf9\" data-element_type=\"section\" data-e-type=\"section\">\n\t\t\t\t\t\t<div class=\"elementor-container elementor-column-gap-no\">\n\t\t\t\t\t<div class=\"elementor-column elementor-col-16 elementor-top-column elementor-element elementor-element-8e9ff37\" data-id=\"8e9ff37\" data-element_type=\"column\" data-e-type=\"column\">\n\t\t\t<div class=\"elementor-widget-wrap elementor-element-populated\">\n\t\t\t\t\t\t<div class=\"elementor-element elementor-element-a83d4b8 elementor-widget elementor-widget-image\" data-id=\"a83d4b8\" data-element_type=\"widget\" data-e-type=\"widget\" data-widget_type=\"image.default\">\n\t\t\t\t<div class=\"elementor-widget-container\">\n\t\t\t\t\t\t\t\t\t\t\t\t\t\t\t<img decoding=\"async\" width=\"576\" height=\"1024\" src=\"https:\/\/le-smart.fr\/wp-content\/uploads\/2025\/05\/dhnfnftxtx-576x1024.png\" class=\"attachment-large size-large wp-image-3936\" alt=\"\" srcset=\"https:\/\/le-smart.fr\/wp-content\/uploads\/2025\/05\/dhnfnftxtx-576x1024.png 576w, https:\/\/le-smart.fr\/wp-content\/uploads\/2025\/05\/dhnfnftxtx-169x300.png 169w, https:\/\/le-smart.fr\/wp-content\/uploads\/2025\/05\/dhnfnftxtx-768x1365.png 768w, https:\/\/le-smart.fr\/wp-content\/uploads\/2025\/05\/dhnfnftxtx-864x1536.png 864w, https:\/\/le-smart.fr\/wp-content\/uploads\/2025\/05\/dhnfnftxtx-7x12.png 7w, https:\/\/le-smart.fr\/wp-content\/uploads\/2025\/05\/dhnfnftxtx.png 1080w\" sizes=\"(max-width: 576px) 100vw, 576px\" \/>\t\t\t\t\t\t\t\t\t\t\t\t\t\t\t<\/div>\n\t\t\t\t<\/div>\n\t\t\t\t\t<\/div>\n\t\t<\/div>\n\t\t\t\t<div class=\"elementor-column elementor-col-16 elementor-top-column elementor-element elementor-element-aa60236\" data-id=\"aa60236\" data-element_type=\"column\" data-e-type=\"column\">\n\t\t\t<div class=\"elementor-widget-wrap elementor-element-populated\">\n\t\t\t\t\t\t<div class=\"elementor-element elementor-element-8c90ae7 elementor-widget elementor-widget-image\" data-id=\"8c90ae7\" data-element_type=\"widget\" data-e-type=\"widget\" data-widget_type=\"image.default\">\n\t\t\t\t<div class=\"elementor-widget-container\">\n\t\t\t\t\t\t\t\t\t\t\t\t\t\t\t<img decoding=\"async\" width=\"576\" height=\"1024\" src=\"https:\/\/le-smart.fr\/wp-content\/uploads\/2025\/05\/Sans-titre-1-1-576x1024.png\" class=\"attachment-large size-large wp-image-3944\" alt=\"\" srcset=\"https:\/\/le-smart.fr\/wp-content\/uploads\/2025\/05\/Sans-titre-1-1-576x1024.png 576w, https:\/\/le-smart.fr\/wp-content\/uploads\/2025\/05\/Sans-titre-1-1-169x300.png 169w, https:\/\/le-smart.fr\/wp-content\/uploads\/2025\/05\/Sans-titre-1-1-768x1365.png 768w, https:\/\/le-smart.fr\/wp-content\/uploads\/2025\/05\/Sans-titre-1-1-864x1536.png 864w, https:\/\/le-smart.fr\/wp-content\/uploads\/2025\/05\/Sans-titre-1-1-7x12.png 7w, https:\/\/le-smart.fr\/wp-content\/uploads\/2025\/05\/Sans-titre-1-1.png 1080w\" sizes=\"(max-width: 576px) 100vw, 576px\" \/>\t\t\t\t\t\t\t\t\t\t\t\t\t\t\t<\/div>\n\t\t\t\t<\/div>\n\t\t\t\t\t<\/div>\n\t\t<\/div>\n\t\t\t\t<div class=\"elementor-column elementor-col-16 elementor-top-column elementor-element elementor-element-551dd56\" data-id=\"551dd56\" data-element_type=\"column\" data-e-type=\"column\">\n\t\t\t<div class=\"elementor-widget-wrap elementor-element-populated\">\n\t\t\t\t\t\t<div class=\"elementor-element elementor-element-f6698ea elementor-widget elementor-widget-image\" data-id=\"f6698ea\" data-element_type=\"widget\" data-e-type=\"widget\" data-widget_type=\"image.default\">\n\t\t\t\t<div class=\"elementor-widget-container\">\n\t\t\t\t\t\t\t\t\t\t\t\t\t\t\t<img loading=\"lazy\" decoding=\"async\" width=\"576\" height=\"1024\" src=\"https:\/\/le-smart.fr\/wp-content\/uploads\/2025\/05\/hyfdfdswxfgh-576x1024.png\" class=\"attachment-large size-large wp-image-3949\" alt=\"\" srcset=\"https:\/\/le-smart.fr\/wp-content\/uploads\/2025\/05\/hyfdfdswxfgh-576x1024.png 576w, https:\/\/le-smart.fr\/wp-content\/uploads\/2025\/05\/hyfdfdswxfgh-169x300.png 169w, https:\/\/le-smart.fr\/wp-content\/uploads\/2025\/05\/hyfdfdswxfgh-768x1365.png 768w, https:\/\/le-smart.fr\/wp-content\/uploads\/2025\/05\/hyfdfdswxfgh-864x1536.png 864w, https:\/\/le-smart.fr\/wp-content\/uploads\/2025\/05\/hyfdfdswxfgh-7x12.png 7w, https:\/\/le-smart.fr\/wp-content\/uploads\/2025\/05\/hyfdfdswxfgh.png 1080w\" sizes=\"(max-width: 576px) 100vw, 576px\" \/>\t\t\t\t\t\t\t\t\t\t\t\t\t\t\t<\/div>\n\t\t\t\t<\/div>\n\t\t\t\t\t<\/div>\n\t\t<\/div>\n\t\t\t\t<div class=\"elementor-column elementor-col-16 elementor-top-column elementor-element elementor-element-6ea9fac\" data-id=\"6ea9fac\" data-element_type=\"column\" data-e-type=\"column\">\n\t\t\t<div class=\"elementor-widget-wrap elementor-element-populated\">\n\t\t\t\t\t\t<div class=\"elementor-element elementor-element-0569fe5 elementor-widget elementor-widget-image\" data-id=\"0569fe5\" data-element_type=\"widget\" data-e-type=\"widget\" data-widget_type=\"image.default\">\n\t\t\t\t<div class=\"elementor-widget-container\">\n\t\t\t\t\t\t\t\t\t\t\t\t\t\t\t<img loading=\"lazy\" decoding=\"async\" width=\"576\" height=\"1024\" src=\"https:\/\/le-smart.fr\/wp-content\/uploads\/2025\/05\/Sans-titre-1-576x1024.png\" class=\"attachment-large size-large wp-image-3930\" alt=\"\" srcset=\"https:\/\/le-smart.fr\/wp-content\/uploads\/2025\/05\/Sans-titre-1-576x1024.png 576w, https:\/\/le-smart.fr\/wp-content\/uploads\/2025\/05\/Sans-titre-1-169x300.png 169w, https:\/\/le-smart.fr\/wp-content\/uploads\/2025\/05\/Sans-titre-1-768x1365.png 768w, https:\/\/le-smart.fr\/wp-content\/uploads\/2025\/05\/Sans-titre-1-864x1536.png 864w, https:\/\/le-smart.fr\/wp-content\/uploads\/2025\/05\/Sans-titre-1-7x12.png 7w, https:\/\/le-smart.fr\/wp-content\/uploads\/2025\/05\/Sans-titre-1.png 1080w\" sizes=\"(max-width: 576px) 100vw, 576px\" \/>\t\t\t\t\t\t\t\t\t\t\t\t\t\t\t<\/div>\n\t\t\t\t<\/div>\n\t\t\t\t\t<\/div>\n\t\t<\/div>\n\t\t\t\t<div class=\"elementor-column elementor-col-16 elementor-top-column elementor-element elementor-element-2d6977e\" data-id=\"2d6977e\" data-element_type=\"column\" data-e-type=\"column\">\n\t\t\t<div class=\"elementor-widget-wrap elementor-element-populated\">\n\t\t\t\t\t\t<div class=\"elementor-element elementor-element-bb10e78 elementor-widget elementor-widget-image\" data-id=\"bb10e78\" data-element_type=\"widget\" data-e-type=\"widget\" data-widget_type=\"image.default\">\n\t\t\t\t<div class=\"elementor-widget-container\">\n\t\t\t\t\t\t\t\t\t\t\t\t\t\t\t<img loading=\"lazy\" decoding=\"async\" width=\"576\" height=\"1024\" src=\"https:\/\/le-smart.fr\/wp-content\/uploads\/2025\/05\/Composition-1-0-00-02-11-576x1024.png\" class=\"attachment-large size-large wp-image-3931\" alt=\"\" srcset=\"https:\/\/le-smart.fr\/wp-content\/uploads\/2025\/05\/Composition-1-0-00-02-11-576x1024.png 576w, https:\/\/le-smart.fr\/wp-content\/uploads\/2025\/05\/Composition-1-0-00-02-11-169x300.png 169w, https:\/\/le-smart.fr\/wp-content\/uploads\/2025\/05\/Composition-1-0-00-02-11-768x1365.png 768w, https:\/\/le-smart.fr\/wp-content\/uploads\/2025\/05\/Composition-1-0-00-02-11-864x1536.png 864w, https:\/\/le-smart.fr\/wp-content\/uploads\/2025\/05\/Composition-1-0-00-02-11-7x12.png 7w, https:\/\/le-smart.fr\/wp-content\/uploads\/2025\/05\/Composition-1-0-00-02-11.png 1080w\" sizes=\"(max-width: 576px) 100vw, 576px\" \/>\t\t\t\t\t\t\t\t\t\t\t\t\t\t\t<\/div>\n\t\t\t\t<\/div>\n\t\t\t\t\t<\/div>\n\t\t<\/div>\n\t\t\t\t<div class=\"elementor-column elementor-col-16 elementor-top-column elementor-element elementor-element-508aa27\" data-id=\"508aa27\" data-element_type=\"column\" data-e-type=\"column\">\n\t\t\t<div class=\"elementor-widget-wrap elementor-element-populated\">\n\t\t\t\t\t\t<div class=\"elementor-element elementor-element-c021b8c elementor-widget elementor-widget-image\" data-id=\"c021b8c\" data-element_type=\"widget\" data-e-type=\"widget\" data-widget_type=\"image.default\">\n\t\t\t\t<div class=\"elementor-widget-container\">\n\t\t\t\t\t\t\t\t\t\t\t\t\t\t\t<img loading=\"lazy\" decoding=\"async\" width=\"576\" height=\"1024\" src=\"https:\/\/le-smart.fr\/wp-content\/uploads\/2025\/05\/juhyhbgbgv-576x1024.png\" class=\"attachment-large size-large wp-image-3929\" alt=\"\" srcset=\"https:\/\/le-smart.fr\/wp-content\/uploads\/2025\/05\/juhyhbgbgv-576x1024.png 576w, https:\/\/le-smart.fr\/wp-content\/uploads\/2025\/05\/juhyhbgbgv-169x300.png 169w, https:\/\/le-smart.fr\/wp-content\/uploads\/2025\/05\/juhyhbgbgv-768x1365.png 768w, https:\/\/le-smart.fr\/wp-content\/uploads\/2025\/05\/juhyhbgbgv-864x1536.png 864w, https:\/\/le-smart.fr\/wp-content\/uploads\/2025\/05\/juhyhbgbgv-7x12.png 7w, https:\/\/le-smart.fr\/wp-content\/uploads\/2025\/05\/juhyhbgbgv.png 1080w\" sizes=\"(max-width: 576px) 100vw, 576px\" \/>\t\t\t\t\t\t\t\t\t\t\t\t\t\t\t<\/div>\n\t\t\t\t<\/div>\n\t\t\t\t\t<\/div>\n\t\t<\/div>\n\t\t\t\t\t<\/div>\n\t\t<\/section>\n\t\t\t\t<section class=\"elementor-section elementor-top-section elementor-element elementor-element-fbba62d elementor-section-boxed elementor-section-height-default elementor-section-height-default wpr-particle-no wpr-jarallax-no wpr-parallax-no wpr-sticky-section-no\" data-id=\"fbba62d\" data-element_type=\"section\" data-e-type=\"section\" data-settings=\"{&quot;background_background&quot;:&quot;classic&quot;}\">\n\t\t\t\t\t\t<div class=\"elementor-container elementor-column-gap-default\">\n\t\t\t\t\t<div class=\"elementor-column elementor-col-100 elementor-top-column elementor-element elementor-element-d5775e5\" data-id=\"d5775e5\" data-element_type=\"column\" data-e-type=\"column\">\n\t\t\t<div class=\"elementor-widget-wrap elementor-element-populated\">\n\t\t\t\t\t\t<div class=\"elementor-element elementor-element-995e131 elementor-widget elementor-widget-spacer\" data-id=\"995e131\" data-element_type=\"widget\" data-e-type=\"widget\" data-widget_type=\"spacer.default\">\n\t\t\t\t<div class=\"elementor-widget-container\">\n\t\t\t\t\t\t\t<div class=\"elementor-spacer\">\n\t\t\t<div class=\"elementor-spacer-inner\"><\/div>\n\t\t<\/div>\n\t\t\t\t\t\t<\/div>\n\t\t\t\t<\/div>\n\t\t\t\t\t<\/div>\n\t\t<\/div>\n\t\t\t\t\t<\/div>\n\t\t<\/section>\n\t\t\t\t<section class=\"elementor-section elementor-top-section elementor-element elementor-element-b346426 elementor-section-boxed elementor-section-height-default elementor-section-height-default wpr-particle-no wpr-jarallax-no wpr-parallax-no wpr-sticky-section-no\" data-id=\"b346426\" data-element_type=\"section\" data-e-type=\"section\" data-settings=\"{&quot;background_background&quot;:&quot;classic&quot;}\">\n\t\t\t\t\t\t<div class=\"elementor-container elementor-column-gap-default\">\n\t\t\t\t\t<div class=\"elementor-column elementor-col-100 elementor-top-column elementor-element elementor-element-b2f4ed1\" data-id=\"b2f4ed1\" data-element_type=\"column\" data-e-type=\"column\">\n\t\t\t<div class=\"elementor-widget-wrap elementor-element-populated\">\n\t\t\t\t\t\t<div class=\"elementor-element elementor-element-033cd66 wpr-pc-btn-align-inline elementor-widget elementor-widget-wpr-phone-call\" data-id=\"033cd66\" data-element_type=\"widget\" data-e-type=\"widget\" data-widget_type=\"wpr-phone-call.default\">\n\t\t\t\t<div class=\"elementor-widget-container\">\n\t\t\t\t\t<div class=\"wpr-pc-wrapper\"><a href=\"tel:0380742636\" class=\"wpr-pc-btn\"><div class=\"wpr-pc-content\"><span class=\"wpr-pc-text\">Appeler<\/span><\/div><\/a><\/div>\t\t\t\t<\/div>\n\t\t\t\t<\/div>\n\t\t\t\t\t<\/div>\n\t\t<\/div>\n\t\t\t\t\t<\/div>\n\t\t<\/section>\n\t\t\t\t<\/div>","protected":false},"excerpt":{"rendered":"<p>Lounge D\u00e9tente, convivialit\u00e9 et ambiance garantie !\u00a0Envie de rel\u00e2cher la pression apr\u00e8s le travail, de partager un bon moment entre amis autour d\u2019un verre, ou de vibrer devant un match dans une ambiance conviviale ? Notre Bar Lounge est l&rsquo;endroit id\u00e9al pour d\u00e9connecter et profiter de l&rsquo;instant. Confortablement install\u00e9s dans nos fauteuils et canap\u00e9s, laissez-vous surprendre par nos cocktails cr\u00e9atifs.\u00a0 Une petite faim ?\u00a0D\u00e9couvrez nos d\u00e9licieuses planches ap\u00e9ritives,\u00a0parfaites pour accompagner vos boissons et prolonger la soir\u00e9e ! Envie de pimenter la soir\u00e9e ?Pour les plus joueurs, testez votre \u00e2me de challenger autour d\u2019une partie de beer pong,votre pr\u00e9cision au jeu de fl\u00e9chettes ou encore votre strat\u00e9gie au jeu Puissance 4 g\u00e9ant !\u00a0Afterwork, soir\u00e9e anim\u00e9e ou moment cosy, toutes les occasions sont bonnes pour cr\u00e9er des souvenirs !\u00a0 Ambiance garantie ! Appeler<\/p>","protected":false},"author":1,"featured_media":0,"parent":0,"menu_order":0,"comment_status":"closed","ping_status":"closed","template":"elementor_canvas","meta":{"footnotes":""},"class_list":["post-3555","page","type-page","status-publish","hentry"],"_links":{"self":[{"href":"https:\/\/le-smart.fr\/en\/wp-json\/wp\/v2\/pages\/3555","targetHints":{"allow":["GET"]}}],"collection":[{"href":"https:\/\/le-smart.fr\/en\/wp-json\/wp\/v2\/pages"}],"about":[{"href":"https:\/\/le-smart.fr\/en\/wp-json\/wp\/v2\/types\/page"}],"author":[{"embeddable":true,"href":"https:\/\/le-smart.fr\/en\/wp-json\/wp\/v2\/users\/1"}],"replies":[{"embeddable":true,"href":"https:\/\/le-smart.fr\/en\/wp-json\/wp\/v2\/comments?post=3555"}],"version-history":[{"count":91,"href":"https:\/\/le-smart.fr\/en\/wp-json\/wp\/v2\/pages\/3555\/revisions"}],"predecessor-version":[{"id":4033,"href":"https:\/\/le-smart.fr\/en\/wp-json\/wp\/v2\/pages\/3555\/revisions\/4033"}],"wp:attachment":[{"href":"https:\/\/le-smart.fr\/en\/wp-json\/wp\/v2\/media?parent=3555"}],"curies":[{"name":"wp","href":"https:\/\/api.w.org\/{rel}","templated":true}]}}